{"id":2114,"date":"2023-10-19T11:01:58","date_gmt":"2023-10-19T11:01:58","guid":{"rendered":"https:\/\/kolbl.at\/?page_id=2114"},"modified":"2024-04-22T10:43:23","modified_gmt":"2024-04-22T10:43:23","slug":"siebdruck-beschreibung","status":"publish","type":"page","link":"https:\/\/kolbl.at\/index.php\/leistungen\/siebdruck-beschreibung\/","title":{"rendered":"Siebdruck"},"content":{"rendered":"<div class=\"fusion-fullwidth fullwidth-box fusion-builder-row-1 fusion-flex-container nonhundred-percent-fullwidth non-hundred-percent-height-scrolling\" style=\"--awb-background-position:left top;--awb-border-sizes-top:0px;--awb-border-sizes-bottom:0px;--awb-border-sizes-left:0px;--awb-border-sizes-right:0px;--awb-border-radius-top-left:0px;--awb-border-radius-top-right:0px;--awb-border-radius-bottom-right:0px;--awb-border-radius-bottom-left:0px;--awb-padding-top:0px;--awb-padding-bottom:95px;--awb-padding-bottom-medium:60px;--awb-padding-bottom-small:72px;\" ><div class=\"fusion-builder-row fusion-row fusion-flex-align-items-flex-start\" style=\"max-width:1216.8px;margin-left: calc(-4% \/ 2 );margin-right: calc(-4% \/ 2 );\"><div class=\"fusion-layout-column fusion_builder_column fusion-builder-column-0 fusion_builder_column_1_1 1_1 fusion-flex-column\" style=\"--awb-bg-position:right bottom;--awb-bg-size:cover;--awb-width-large:100%;--awb-margin-top-large:0px;--awb-spacing-right-large:2.304%;--awb-margin-bottom-large:20px;--awb-spacing-left-large:1.92%;--awb-width-medium:40%;--awb-spacing-right-medium:5.76%;--awb-spacing-left-medium:4.8%;--awb-width-small:100%;--awb-spacing-right-small:1.92%;--awb-spacing-left-small:1.92%;\"><div class=\"fusion-column-wrapper fusion-flex-justify-content-flex-start fusion-content-layout-column\"><div class=\"fusion-title title fusion-title-1 fusion-title-text fusion-title-size-three\" style=\"--awb-font-size:46px;\"><div class=\"title-sep-container title-sep-container-left fusion-no-large-visibility fusion-no-medium-visibility fusion-no-small-visibility\"><div class=\"title-sep sep- sep-solid\" style=\"border-color:#e0dede;\"><\/div><\/div><span class=\"awb-title-spacer fusion-no-large-visibility fusion-no-medium-visibility fusion-no-small-visibility\"><\/span><h3 class=\"title-heading-left fusion-responsive-typography-calculated\" style=\"margin:0;font-size:1em;--fontSize:46;line-height:1.67;\">Siebdruck<\/h3><span class=\"awb-title-spacer\"><\/span><div class=\"title-sep-container title-sep-container-right\"><div class=\"title-sep sep- sep-solid\" style=\"border-color:#e0dede;\"><\/div><\/div><\/div><div class=\"fusion-separator\" style=\"align-self: flex-start;margin-right:auto;margin-top:0px;margin-bottom:20px;width:100%;max-width:50px;\"><div class=\"fusion-separator-border sep-single sep-solid\" style=\"--awb-height:20px;--awb-amount:20px;--awb-sep-color:#cbaa5c;border-color:#cbaa5c;border-top-width:1px;\"><\/div><\/div><\/div><\/div><div class=\"fusion-layout-column fusion_builder_column fusion-builder-column-1 fusion_builder_column_1_2 1_2 fusion-flex-column fusion-flex-align-self-center\" style=\"--awb-bg-size:cover;--awb-width-large:50%;--awb-margin-top-large:0px;--awb-spacing-right-large:3.84%;--awb-margin-bottom-large:20px;--awb-spacing-left-large:3.84%;--awb-width-medium:33.333333333333%;--awb-order-medium:0;--awb-spacing-right-medium:5.76%;--awb-spacing-left-medium:5.76%;--awb-width-small:100%;--awb-order-small:0;--awb-spacing-right-small:1.92%;--awb-spacing-left-small:1.92%;\" data-motion-effects=\"[{&quot;type&quot;:&quot;&quot;,&quot;scroll_type&quot;:&quot;transition&quot;,&quot;scroll_direction&quot;:&quot;up&quot;,&quot;transition_speed&quot;:&quot;1&quot;,&quot;fade_type&quot;:&quot;in&quot;,&quot;scale_type&quot;:&quot;up&quot;,&quot;initial_scale&quot;:&quot;1&quot;,&quot;max_scale&quot;:&quot;1.5&quot;,&quot;min_scale&quot;:&quot;0.5&quot;,&quot;initial_rotate&quot;:&quot;0&quot;,&quot;end_rotate&quot;:&quot;30&quot;,&quot;initial_blur&quot;:&quot;0&quot;,&quot;end_blur&quot;:&quot;3&quot;,&quot;start_element&quot;:&quot;top&quot;,&quot;start_viewport&quot;:&quot;bottom&quot;,&quot;end_element&quot;:&quot;bottom&quot;,&quot;end_viewport&quot;:&quot;top&quot;,&quot;mouse_effect&quot;:&quot;track&quot;,&quot;mouse_effect_direction&quot;:&quot;opposite&quot;,&quot;mouse_effect_speed&quot;:&quot;2&quot;,&quot;infinite_animation&quot;:&quot;float&quot;,&quot;infinite_animation_speed&quot;:&quot;2&quot;}]\" data-scroll-devices=\"small-visibility,medium-visibility,large-visibility\"><div class=\"fusion-column-wrapper fusion-column-has-shadow fusion-flex-justify-content-flex-start fusion-content-layout-column\"><div class=\"fusion-image-element \" style=\"--awb-liftup-border-radius:0px;--awb-caption-title-font-family:var(--h2_typography-font-family);--awb-caption-title-font-weight:var(--h2_typography-font-weight);--awb-caption-title-font-style:var(--h2_typography-font-style);--awb-caption-title-size:var(--h2_typography-font-size);--awb-caption-title-transform:var(--h2_typography-text-transform);--awb-caption-title-line-height:var(--h2_typography-line-height);--awb-caption-title-letter-spacing:var(--h2_typography-letter-spacing);\"><div class=\"awb-image-frame awb-image-frame-1 imageframe-liftup\"><span class=\" fusion-imageframe imageframe-none imageframe-1\" class=\"image-scroll\"><a href=\"https:\/\/kolbl.at\/wp-content\/uploads\/2023\/06\/farben.jpg\" class=\"fusion-lightbox\" data-rel=\"iLightbox[deluxe]\" data-caption=\"ink on rubber handle hang on place above plastisol ink in cans ready for print tee shirt\" data-title=\"Ink,On,Rubber,Handle,Hang,On,Place,Above,Plastisol,Ink\" title=\"Ink,On,Rubber,Handle,Hang,On,Place,Above,Plastisol,Ink\"><img decoding=\"async\" width=\"1500\" height=\"900\" src=\"https:\/\/kolbl.at\/wp-content\/uploads\/2023\/06\/farben.jpg\" alt class=\"img-responsive wp-image-1998\" srcset=\"https:\/\/kolbl.at\/wp-content\/uploads\/2023\/06\/farben-200x120.jpg 200w, https:\/\/kolbl.at\/wp-content\/uploads\/2023\/06\/farben-400x240.jpg 400w, https:\/\/kolbl.at\/wp-content\/uploads\/2023\/06\/farben-600x360.jpg 600w, https:\/\/kolbl.at\/wp-content\/uploads\/2023\/06\/farben-800x480.jpg 800w, https:\/\/kolbl.at\/wp-content\/uploads\/2023\/06\/farben-1200x720.jpg 1200w, https:\/\/kolbl.at\/wp-content\/uploads\/2023\/06\/farben.jpg 1500w\" sizes=\"(max-width: 1024px) 100vw, (max-width: 640px) 100vw, 600px\" \/><\/a><\/span><\/div><\/div><\/div><\/div><div class=\"fusion-layout-column fusion_builder_column fusion-builder-column-2 fusion_builder_column_1_2 1_2 fusion-flex-column fusion-flex-align-self-center\" style=\"--awb-bg-size:cover;--awb-width-large:50%;--awb-margin-top-large:0px;--awb-spacing-right-large:3.84%;--awb-margin-bottom-large:20px;--awb-spacing-left-large:3.84%;--awb-width-medium:33.333333333333%;--awb-order-medium:0;--awb-spacing-right-medium:5.76%;--awb-spacing-left-medium:5.76%;--awb-width-small:100%;--awb-order-small:0;--awb-spacing-right-small:1.92%;--awb-spacing-left-small:1.92%;\" data-motion-effects=\"[{&quot;type&quot;:&quot;&quot;,&quot;scroll_type&quot;:&quot;transition&quot;,&quot;scroll_direction&quot;:&quot;up&quot;,&quot;transition_speed&quot;:&quot;1&quot;,&quot;fade_type&quot;:&quot;in&quot;,&quot;scale_type&quot;:&quot;up&quot;,&quot;initial_scale&quot;:&quot;1&quot;,&quot;max_scale&quot;:&quot;1.5&quot;,&quot;min_scale&quot;:&quot;0.5&quot;,&quot;initial_rotate&quot;:&quot;0&quot;,&quot;end_rotate&quot;:&quot;30&quot;,&quot;initial_blur&quot;:&quot;0&quot;,&quot;end_blur&quot;:&quot;3&quot;,&quot;start_element&quot;:&quot;top&quot;,&quot;start_viewport&quot;:&quot;bottom&quot;,&quot;end_element&quot;:&quot;bottom&quot;,&quot;end_viewport&quot;:&quot;top&quot;,&quot;mouse_effect&quot;:&quot;track&quot;,&quot;mouse_effect_direction&quot;:&quot;opposite&quot;,&quot;mouse_effect_speed&quot;:&quot;2&quot;,&quot;infinite_animation&quot;:&quot;float&quot;,&quot;infinite_animation_speed&quot;:&quot;2&quot;}]\" data-scroll-devices=\"small-visibility,medium-visibility,large-visibility\"><div class=\"fusion-column-wrapper fusion-column-has-shadow fusion-flex-justify-content-flex-start fusion-content-layout-column\"><div class=\"fusion-image-element \" style=\"--awb-liftup-border-radius:0px;--awb-caption-title-font-family:var(--h2_typography-font-family);--awb-caption-title-font-weight:var(--h2_typography-font-weight);--awb-caption-title-font-style:var(--h2_typography-font-style);--awb-caption-title-size:var(--h2_typography-font-size);--awb-caption-title-transform:var(--h2_typography-text-transform);--awb-caption-title-line-height:var(--h2_typography-line-height);--awb-caption-title-letter-spacing:var(--h2_typography-letter-spacing);\"><div class=\"awb-image-frame awb-image-frame-2 imageframe-liftup\"><span class=\" fusion-imageframe imageframe-none imageframe-2\" class=\"image-scroll\"><a href=\"https:\/\/kolbl.at\/wp-content\/uploads\/2023\/10\/siebdruck01.jpg\" class=\"fusion-lightbox\" data-rel=\"iLightbox[deluxe]\" data-title=\"siebdruck01\" title=\"siebdruck01\"><img decoding=\"async\" width=\"1500\" height=\"900\" src=\"https:\/\/kolbl.at\/wp-content\/uploads\/2023\/10\/siebdruck01.jpg\" alt class=\"img-responsive wp-image-2101\" srcset=\"https:\/\/kolbl.at\/wp-content\/uploads\/2023\/10\/siebdruck01-200x120.jpg 200w, https:\/\/kolbl.at\/wp-content\/uploads\/2023\/10\/siebdruck01-400x240.jpg 400w, https:\/\/kolbl.at\/wp-content\/uploads\/2023\/10\/siebdruck01-600x360.jpg 600w, https:\/\/kolbl.at\/wp-content\/uploads\/2023\/10\/siebdruck01-800x480.jpg 800w, https:\/\/kolbl.at\/wp-content\/uploads\/2023\/10\/siebdruck01-1200x720.jpg 1200w, https:\/\/kolbl.at\/wp-content\/uploads\/2023\/10\/siebdruck01.jpg 1500w\" sizes=\"(max-width: 1024px) 100vw, (max-width: 640px) 100vw, 600px\" \/><\/a><\/span><\/div><\/div><\/div><\/div><div class=\"fusion-layout-column fusion_builder_column fusion-builder-column-3 fusion_builder_column_1_1 1_1 fusion-flex-column\" style=\"--awb-bg-position:right bottom;--awb-bg-size:cover;--awb-width-large:100%;--awb-margin-top-large:0px;--awb-spacing-right-large:2.304%;--awb-margin-bottom-large:20px;--awb-spacing-left-large:1.92%;--awb-width-medium:40%;--awb-spacing-right-medium:5.76%;--awb-spacing-left-medium:4.8%;--awb-width-small:100%;--awb-spacing-right-small:1.92%;--awb-spacing-left-small:1.92%;\"><div class=\"fusion-column-wrapper fusion-flex-justify-content-flex-start fusion-content-layout-column\"><div class=\"fusion-separator\" style=\"align-self: flex-start;margin-right:auto;margin-top:0px;margin-bottom:20px;width:100%;max-width:50px;\"><div class=\"fusion-separator-border sep-single sep-solid\" style=\"--awb-height:20px;--awb-amount:20px;--awb-sep-color:#cbaa5c;border-color:#cbaa5c;border-top-width:1px;\"><\/div><\/div><div class=\"fusion-text fusion-text-1\"><div class=\"flex-col gap-1 md:gap-3\">\n<div class=\"flex flex-grow flex-col gap-3 max-w-full\">\n<div class=\"min-h-&#091;20px&#093; flex flex-col items-start gap-3 whitespace-pre-wrap break-words overflow-x-auto\">\n<div class=\"markdown prose w-full break-words dark:prose-invert light\">\n<div class=\"flex flex-grow flex-col gap-3 max-w-full\">\n<div class=\"min-h-&#091;20px&#093; flex flex-col items-start gap-3 whitespace-pre-wrap break-words overflow-x-auto\">\n<div class=\"markdown prose w-full break-words dark:prose-invert light\">\n<div class=\"flex flex-grow flex-col gap-3 max-w-full\">\n<div class=\"min-h-&#091;20px&#093; flex flex-col items-start gap-3 whitespace-pre-wrap break-words overflow-x-auto\">\n<div class=\"markdown prose w-full break-words dark:prose-invert light\">\n<div class=\"flex flex-grow flex-col gap-3 max-w-full\">\n<div class=\"min-h-&#091;20px&#093; flex flex-col items-start gap-3 whitespace-pre-wrap break-words overflow-x-auto\">\n<div class=\"markdown prose w-full break-words dark:prose-invert light\">\n<div class=\"flex flex-grow flex-col gap-3 max-w-full\">\n<div class=\"min-h-&#091;20px&#093; flex flex-col items-start gap-3 whitespace-pre-wrap break-words overflow-x-auto\">\n<div class=\"markdown prose w-full break-words dark:prose-invert light\">\n<p>Der Siebdruck, fr\u00fcher auch als \u201eSerigrafie\u201c bezeichnet, ist ein Druckverfahren, bei dem die Druckfarbe mit einem Gummirakel, durch ein feinmaschiges textiles Gewebe auf das zu bedruckende Material aufgebracht wird. An denjenigen Stellen des Gewebes, wo dem Bildmotiv entsprechend keine Farbe gedruckt werden soll, sind die Maschen\u00f6ffnungen des Gewebes durch eine Schablone farbundurchl\u00e4ssig gemacht worden.<\/p>\n<p>Somit ist es m\u00f6glich, viele verschiedene Materialien zu bedrucken, sowohl flache (Folien, Baustellentafeln, etc.) als auch geformte (Flaschen, Ger\u00e4tegeh\u00e4use etc.). Dazu werden je nach Material spezielle Druckfarben eingesetzt. Haupts\u00e4chlich werden Kunststoffe, Textilien, Keramik, Metall, Holz und Glas bedruckt.<\/p>\n<p>Im Siedruckverfahren erfolgt vorab eine Filmbelichtung, sodass sich dieses Verfahren eine gr\u00f6\u00dfere Auflage voraussetzt. Die Haltbarkeit des Siebdrucks ist mit keinem andern Verfahren zu vergleichen da diese ungleich h\u00f6her ist.<\/p>\n<p>Materialien die wir f\u00fcr Sie bedrucken: Folie, Textilien, Papier, PVC etc.<\/p>\n<\/div>\n<p style=\"text-align: center;\">Sie haben Fragen? <a href=\"mailto:medienhaus@kolbl.at\">Klicken Sie hier!<\/a><\/p>\n<\/div>\n<\/div>\n<\/div>\n<\/div>\n<\/div>\n<\/div>\n<\/div>\n<\/div>\n<\/div>\n<\/div>\n<\/div>\n<\/div>\n<\/div>\n<\/div>\n<\/div>\n<\/div><\/div><\/div><div class=\"fusion-layout-column fusion_builder_column fusion-builder-column-4 fusion_builder_column_1_3 1_3 fusion-flex-column\" style=\"--awb-bg-position:right bottom;--awb-bg-size:cover;--awb-width-large:33.333333333333%;--awb-margin-top-large:0px;--awb-spacing-right-large:6.912%;--awb-margin-bottom-large:20px;--awb-spacing-left-large:5.76%;--awb-width-medium:40%;--awb-spacing-right-medium:5.76%;--awb-spacing-left-medium:4.8%;--awb-width-small:100%;--awb-spacing-right-small:1.92%;--awb-spacing-left-small:1.92%;\"><div class=\"fusion-column-wrapper fusion-flex-justify-content-flex-start fusion-content-layout-column\"><div class=\"fusion-separator\" style=\"align-self: flex-start;margin-right:auto;margin-top:0px;margin-bottom:20px;width:100%;max-width:50px;\"><div class=\"fusion-separator-border sep-single sep-solid\" style=\"--awb-height:20px;--awb-amount:20px;--awb-sep-color:#cbaa5c;border-color:#cbaa5c;border-top-width:1px;\"><\/div><\/div><div class=\"fusion-image-element \" style=\"--awb-caption-title-font-family:var(--h2_typography-font-family);--awb-caption-title-font-weight:var(--h2_typography-font-weight);--awb-caption-title-font-style:var(--h2_typography-font-style);--awb-caption-title-size:var(--h2_typography-font-size);--awb-caption-title-transform:var(--h2_typography-text-transform);--awb-caption-title-line-height:var(--h2_typography-line-height);--awb-caption-title-letter-spacing:var(--h2_typography-letter-spacing);\"><span class=\" fusion-imageframe imageframe-none imageframe-3 hover-type-none\" class=\"image-magnify\" class=\"image-scroll\"><img decoding=\"async\" width=\"1500\" height=\"900\" title=\"Krobath Bautafel\" src=\"https:\/\/kolbl.at\/wp-content\/uploads\/2024\/04\/Krobath-Bautafel.jpg\" alt class=\"img-responsive wp-image-2189\" srcset=\"https:\/\/kolbl.at\/wp-content\/uploads\/2024\/04\/Krobath-Bautafel-200x120.jpg 200w, https:\/\/kolbl.at\/wp-content\/uploads\/2024\/04\/Krobath-Bautafel-400x240.jpg 400w, https:\/\/kolbl.at\/wp-content\/uploads\/2024\/04\/Krobath-Bautafel-600x360.jpg 600w, https:\/\/kolbl.at\/wp-content\/uploads\/2024\/04\/Krobath-Bautafel-800x480.jpg 800w, https:\/\/kolbl.at\/wp-content\/uploads\/2024\/04\/Krobath-Bautafel-1200x720.jpg 1200w, https:\/\/kolbl.at\/wp-content\/uploads\/2024\/04\/Krobath-Bautafel.jpg 1500w\" sizes=\"(max-width: 1024px) 100vw, (max-width: 640px) 100vw, 400px\" \/><\/span><\/div><\/div><\/div><div class=\"fusion-layout-column fusion_builder_column fusion-builder-column-5 fusion_builder_column_1_3 1_3 fusion-flex-column\" style=\"--awb-bg-position:right bottom;--awb-bg-size:cover;--awb-width-large:33.333333333333%;--awb-margin-top-large:0px;--awb-spacing-right-large:6.912%;--awb-margin-bottom-large:20px;--awb-spacing-left-large:5.76%;--awb-width-medium:40%;--awb-spacing-right-medium:5.76%;--awb-spacing-left-medium:4.8%;--awb-width-small:100%;--awb-spacing-right-small:1.92%;--awb-spacing-left-small:1.92%;\"><div class=\"fusion-column-wrapper fusion-flex-justify-content-flex-start fusion-content-layout-column\"><div class=\"fusion-separator\" style=\"align-self: flex-start;margin-right:auto;margin-top:0px;margin-bottom:20px;width:100%;max-width:50px;\"><div class=\"fusion-separator-border sep-single sep-solid\" style=\"--awb-height:20px;--awb-amount:20px;--awb-sep-color:#cbaa5c;border-color:#cbaa5c;border-top-width:1px;\"><\/div><\/div><div class=\"fusion-image-element \" style=\"--awb-caption-title-font-family:var(--h2_typography-font-family);--awb-caption-title-font-weight:var(--h2_typography-font-weight);--awb-caption-title-font-style:var(--h2_typography-font-style);--awb-caption-title-size:var(--h2_typography-font-size);--awb-caption-title-transform:var(--h2_typography-text-transform);--awb-caption-title-line-height:var(--h2_typography-line-height);--awb-caption-title-letter-spacing:var(--h2_typography-letter-spacing);\"><span class=\" fusion-imageframe imageframe-none imageframe-4 hover-type-none\" class=\"image-magnify\" class=\"image-scroll\"><img decoding=\"async\" width=\"1500\" height=\"900\" title=\"KWB_Pfeil_links\" src=\"https:\/\/kolbl.at\/wp-content\/uploads\/2024\/04\/KWB_Pfeil_links.jpg\" alt class=\"img-responsive wp-image-2190\" srcset=\"https:\/\/kolbl.at\/wp-content\/uploads\/2024\/04\/KWB_Pfeil_links-200x120.jpg 200w, https:\/\/kolbl.at\/wp-content\/uploads\/2024\/04\/KWB_Pfeil_links-400x240.jpg 400w, https:\/\/kolbl.at\/wp-content\/uploads\/2024\/04\/KWB_Pfeil_links-600x360.jpg 600w, https:\/\/kolbl.at\/wp-content\/uploads\/2024\/04\/KWB_Pfeil_links-800x480.jpg 800w, https:\/\/kolbl.at\/wp-content\/uploads\/2024\/04\/KWB_Pfeil_links-1200x720.jpg 1200w, https:\/\/kolbl.at\/wp-content\/uploads\/2024\/04\/KWB_Pfeil_links.jpg 1500w\" sizes=\"(max-width: 1024px) 100vw, (max-width: 640px) 100vw, 400px\" \/><\/span><\/div><\/div><\/div><div class=\"fusion-layout-column fusion_builder_column fusion-builder-column-6 fusion_builder_column_1_3 1_3 fusion-flex-column\" style=\"--awb-bg-position:right bottom;--awb-bg-size:cover;--awb-width-large:33.333333333333%;--awb-margin-top-large:0px;--awb-spacing-right-large:6.912%;--awb-margin-bottom-large:20px;--awb-spacing-left-large:5.76%;--awb-width-medium:40%;--awb-spacing-right-medium:5.76%;--awb-spacing-left-medium:4.8%;--awb-width-small:100%;--awb-spacing-right-small:1.92%;--awb-spacing-left-small:1.92%;\"><div class=\"fusion-column-wrapper fusion-flex-justify-content-flex-start fusion-content-layout-column\"><div class=\"fusion-separator\" style=\"align-self: flex-start;margin-right:auto;margin-top:0px;margin-bottom:20px;width:100%;max-width:50px;\"><div class=\"fusion-separator-border sep-single sep-solid\" style=\"--awb-height:20px;--awb-amount:20px;--awb-sep-color:#cbaa5c;border-color:#cbaa5c;border-top-width:1px;\"><\/div><\/div><div class=\"fusion-image-element \" style=\"--awb-caption-title-font-family:var(--h2_typography-font-family);--awb-caption-title-font-weight:var(--h2_typography-font-weight);--awb-caption-title-font-style:var(--h2_typography-font-style);--awb-caption-title-size:var(--h2_typography-font-size);--awb-caption-title-transform:var(--h2_typography-text-transform);--awb-caption-title-line-height:var(--h2_typography-line-height);--awb-caption-title-letter-spacing:var(--h2_typography-letter-spacing);\"><span class=\" fusion-imageframe imageframe-none imageframe-5 hover-type-none\" class=\"image-magnify\" class=\"image-scroll\"><img decoding=\"async\" width=\"1500\" height=\"900\" title=\"Kemmerdach Tafel\" src=\"https:\/\/kolbl.at\/wp-content\/uploads\/2024\/04\/Kemmerdach-Tafel.jpg\" alt class=\"img-responsive wp-image-2188\" srcset=\"https:\/\/kolbl.at\/wp-content\/uploads\/2024\/04\/Kemmerdach-Tafel-200x120.jpg 200w, https:\/\/kolbl.at\/wp-content\/uploads\/2024\/04\/Kemmerdach-Tafel-400x240.jpg 400w, https:\/\/kolbl.at\/wp-content\/uploads\/2024\/04\/Kemmerdach-Tafel-600x360.jpg 600w, https:\/\/kolbl.at\/wp-content\/uploads\/2024\/04\/Kemmerdach-Tafel-800x480.jpg 800w, https:\/\/kolbl.at\/wp-content\/uploads\/2024\/04\/Kemmerdach-Tafel-1200x720.jpg 1200w, https:\/\/kolbl.at\/wp-content\/uploads\/2024\/04\/Kemmerdach-Tafel.jpg 1500w\" sizes=\"(max-width: 1024px) 100vw, (max-width: 640px) 100vw, 400px\" \/><\/span><\/div><\/div><\/div><\/div><\/div>\n","protected":false},"excerpt":{"rendered":"","protected":false},"author":1,"featured_media":0,"parent":1934,"menu_order":26,"comment_status":"open","ping_status":"closed","template":"100-width.php","meta":{"footnotes":""},"class_list":["post-2114","page","type-page","status-publish","hentry"],"_links":{"self":[{"href":"https:\/\/kolbl.at\/index.php\/wp-json\/wp\/v2\/pages\/2114","targetHints":{"allow":["GET"]}}],"collection":[{"href":"https:\/\/kolbl.at\/index.php\/wp-json\/wp\/v2\/pages"}],"about":[{"href":"https:\/\/kolbl.at\/index.php\/wp-json\/wp\/v2\/types\/page"}],"author":[{"embeddable":true,"href":"https:\/\/kolbl.at\/index.php\/wp-json\/wp\/v2\/users\/1"}],"replies":[{"embeddable":true,"href":"https:\/\/kolbl.at\/index.php\/wp-json\/wp\/v2\/comments?post=2114"}],"version-history":[{"count":5,"href":"https:\/\/kolbl.at\/index.php\/wp-json\/wp\/v2\/pages\/2114\/revisions"}],"predecessor-version":[{"id":2197,"href":"https:\/\/kolbl.at\/index.php\/wp-json\/wp\/v2\/pages\/2114\/revisions\/2197"}],"up":[{"embeddable":true,"href":"https:\/\/kolbl.at\/index.php\/wp-json\/wp\/v2\/pages\/1934"}],"wp:attachment":[{"href":"https:\/\/kolbl.at\/index.php\/wp-json\/wp\/v2\/media?parent=2114"}],"curies":[{"name":"wp","href":"https:\/\/api.w.org\/{rel}","templated":true}]}}