{"id":2098,"date":"2023-10-19T10:21:37","date_gmt":"2023-10-19T10:21:37","guid":{"rendered":"https:\/\/kolbl.at\/?page_id=2098"},"modified":"2024-04-22T10:47:43","modified_gmt":"2024-04-22T10:47:43","slug":"beklebung-beschriftung-beschreibung","status":"publish","type":"page","link":"https:\/\/kolbl.at\/index.php\/leistungen\/beklebung-beschriftung-beschreibung\/","title":{"rendered":"Beklebung\/Beschriftung"},"content":{"rendered":"<div class=\"fusion-fullwidth fullwidth-box fusion-builder-row-1 fusion-flex-container nonhundred-percent-fullwidth non-hundred-percent-height-scrolling\" style=\"--awb-background-position:left top;--awb-border-sizes-top:0px;--awb-border-sizes-bottom:0px;--awb-border-sizes-left:0px;--awb-border-sizes-right:0px;--awb-border-radius-top-left:0px;--awb-border-radius-top-right:0px;--awb-border-radius-bottom-right:0px;--awb-border-radius-bottom-left:0px;--awb-padding-top:0px;--awb-padding-bottom:95px;--awb-padding-bottom-medium:60px;--awb-padding-bottom-small:72px;\" ><div class=\"fusion-builder-row fusion-row fusion-flex-align-items-flex-start\" style=\"max-width:1216.8px;margin-left: calc(-4% \/ 2 );margin-right: calc(-4% \/ 2 );\"><div class=\"fusion-layout-column fusion_builder_column fusion-builder-column-0 fusion_builder_column_1_1 1_1 fusion-flex-column\" style=\"--awb-bg-position:right bottom;--awb-bg-size:cover;--awb-width-large:100%;--awb-margin-top-large:0px;--awb-spacing-right-large:2.304%;--awb-margin-bottom-large:20px;--awb-spacing-left-large:1.92%;--awb-width-medium:40%;--awb-spacing-right-medium:5.76%;--awb-spacing-left-medium:4.8%;--awb-width-small:100%;--awb-spacing-right-small:1.92%;--awb-spacing-left-small:1.92%;\"><div class=\"fusion-column-wrapper fusion-flex-justify-content-flex-start fusion-content-layout-column\"><div class=\"fusion-title title fusion-title-1 fusion-title-text fusion-title-size-three\" style=\"--awb-font-size:46px;\"><div class=\"title-sep-container title-sep-container-left fusion-no-large-visibility fusion-no-medium-visibility fusion-no-small-visibility\"><div class=\"title-sep sep- sep-solid\" style=\"border-color:#e0dede;\"><\/div><\/div><span class=\"awb-title-spacer fusion-no-large-visibility fusion-no-medium-visibility fusion-no-small-visibility\"><\/span><h3 class=\"title-heading-left fusion-responsive-typography-calculated\" style=\"margin:0;font-size:1em;--fontSize:46;line-height:1.67;\">Beklebung\/Beschriftung<\/h3><span class=\"awb-title-spacer\"><\/span><div class=\"title-sep-container title-sep-container-right\"><div class=\"title-sep sep- sep-solid\" style=\"border-color:#e0dede;\"><\/div><\/div><\/div><div class=\"fusion-separator\" style=\"align-self: flex-start;margin-right:auto;margin-top:0px;margin-bottom:20px;width:100%;max-width:50px;\"><div class=\"fusion-separator-border sep-single sep-solid\" style=\"--awb-height:20px;--awb-amount:20px;--awb-sep-color:#cbaa5c;border-color:#cbaa5c;border-top-width:1px;\"><\/div><\/div><\/div><\/div><div class=\"fusion-layout-column fusion_builder_column fusion-builder-column-1 fusion_builder_column_1_2 1_2 fusion-flex-column fusion-flex-align-self-center\" style=\"--awb-bg-size:cover;--awb-width-large:50%;--awb-margin-top-large:0px;--awb-spacing-right-large:3.84%;--awb-margin-bottom-large:20px;--awb-spacing-left-large:3.84%;--awb-width-medium:33.333333333333%;--awb-order-medium:0;--awb-spacing-right-medium:5.76%;--awb-spacing-left-medium:5.76%;--awb-width-small:100%;--awb-order-small:0;--awb-spacing-right-small:1.92%;--awb-spacing-left-small:1.92%;\" data-motion-effects=\"[{&quot;type&quot;:&quot;&quot;,&quot;scroll_type&quot;:&quot;transition&quot;,&quot;scroll_direction&quot;:&quot;up&quot;,&quot;transition_speed&quot;:&quot;1&quot;,&quot;fade_type&quot;:&quot;in&quot;,&quot;scale_type&quot;:&quot;up&quot;,&quot;initial_scale&quot;:&quot;1&quot;,&quot;max_scale&quot;:&quot;1.5&quot;,&quot;min_scale&quot;:&quot;0.5&quot;,&quot;initial_rotate&quot;:&quot;0&quot;,&quot;end_rotate&quot;:&quot;30&quot;,&quot;initial_blur&quot;:&quot;0&quot;,&quot;end_blur&quot;:&quot;3&quot;,&quot;start_element&quot;:&quot;top&quot;,&quot;start_viewport&quot;:&quot;bottom&quot;,&quot;end_element&quot;:&quot;bottom&quot;,&quot;end_viewport&quot;:&quot;top&quot;,&quot;mouse_effect&quot;:&quot;track&quot;,&quot;mouse_effect_direction&quot;:&quot;opposite&quot;,&quot;mouse_effect_speed&quot;:&quot;2&quot;,&quot;infinite_animation&quot;:&quot;float&quot;,&quot;infinite_animation_speed&quot;:&quot;2&quot;}]\" data-scroll-devices=\"small-visibility,medium-visibility,large-visibility\"><div class=\"fusion-column-wrapper fusion-column-has-shadow fusion-flex-justify-content-flex-start fusion-content-layout-column\"><div class=\"fusion-image-element \" style=\"--awb-liftup-border-radius:0px;--awb-caption-title-font-family:var(--h2_typography-font-family);--awb-caption-title-font-weight:var(--h2_typography-font-weight);--awb-caption-title-font-style:var(--h2_typography-font-style);--awb-caption-title-size:var(--h2_typography-font-size);--awb-caption-title-transform:var(--h2_typography-text-transform);--awb-caption-title-line-height:var(--h2_typography-line-height);--awb-caption-title-letter-spacing:var(--h2_typography-letter-spacing);\"><div class=\"awb-image-frame awb-image-frame-1 imageframe-liftup\"><span class=\" fusion-imageframe imageframe-none imageframe-1\" class=\"image-scroll\"><a href=\"https:\/\/kolbl.at\/wp-content\/uploads\/2023\/10\/folien_rollen_02.jpg\" class=\"fusion-lightbox\" data-rel=\"iLightbox[deluxe]\" data-title=\"folien_rollen_02\" title=\"folien_rollen_02\"><img decoding=\"async\" width=\"1500\" height=\"900\" src=\"https:\/\/kolbl.at\/wp-content\/uploads\/2023\/10\/folien_rollen_02.jpg\" alt class=\"img-responsive wp-image-2080\" srcset=\"https:\/\/kolbl.at\/wp-content\/uploads\/2023\/10\/folien_rollen_02-200x120.jpg 200w, https:\/\/kolbl.at\/wp-content\/uploads\/2023\/10\/folien_rollen_02-400x240.jpg 400w, https:\/\/kolbl.at\/wp-content\/uploads\/2023\/10\/folien_rollen_02-600x360.jpg 600w, https:\/\/kolbl.at\/wp-content\/uploads\/2023\/10\/folien_rollen_02-800x480.jpg 800w, https:\/\/kolbl.at\/wp-content\/uploads\/2023\/10\/folien_rollen_02-1200x720.jpg 1200w, https:\/\/kolbl.at\/wp-content\/uploads\/2023\/10\/folien_rollen_02.jpg 1500w\" sizes=\"(max-width: 1024px) 100vw, (max-width: 640px) 100vw, 600px\" \/><\/a><\/span><\/div><\/div><\/div><\/div><div class=\"fusion-layout-column fusion_builder_column fusion-builder-column-2 fusion_builder_column_1_2 1_2 fusion-flex-column fusion-flex-align-self-center\" style=\"--awb-bg-size:cover;--awb-width-large:50%;--awb-margin-top-large:0px;--awb-spacing-right-large:3.84%;--awb-margin-bottom-large:20px;--awb-spacing-left-large:3.84%;--awb-width-medium:33.333333333333%;--awb-order-medium:0;--awb-spacing-right-medium:5.76%;--awb-spacing-left-medium:5.76%;--awb-width-small:100%;--awb-order-small:0;--awb-spacing-right-small:1.92%;--awb-spacing-left-small:1.92%;\" data-motion-effects=\"[{&quot;type&quot;:&quot;&quot;,&quot;scroll_type&quot;:&quot;transition&quot;,&quot;scroll_direction&quot;:&quot;up&quot;,&quot;transition_speed&quot;:&quot;1&quot;,&quot;fade_type&quot;:&quot;in&quot;,&quot;scale_type&quot;:&quot;up&quot;,&quot;initial_scale&quot;:&quot;1&quot;,&quot;max_scale&quot;:&quot;1.5&quot;,&quot;min_scale&quot;:&quot;0.5&quot;,&quot;initial_rotate&quot;:&quot;0&quot;,&quot;end_rotate&quot;:&quot;30&quot;,&quot;initial_blur&quot;:&quot;0&quot;,&quot;end_blur&quot;:&quot;3&quot;,&quot;start_element&quot;:&quot;top&quot;,&quot;start_viewport&quot;:&quot;bottom&quot;,&quot;end_element&quot;:&quot;bottom&quot;,&quot;end_viewport&quot;:&quot;top&quot;,&quot;mouse_effect&quot;:&quot;track&quot;,&quot;mouse_effect_direction&quot;:&quot;opposite&quot;,&quot;mouse_effect_speed&quot;:&quot;2&quot;,&quot;infinite_animation&quot;:&quot;float&quot;,&quot;infinite_animation_speed&quot;:&quot;2&quot;}]\" data-scroll-devices=\"small-visibility,medium-visibility,large-visibility\"><div class=\"fusion-column-wrapper fusion-column-has-shadow fusion-flex-justify-content-flex-start fusion-content-layout-column\"><div class=\"fusion-image-element \" style=\"--awb-liftup-border-radius:0px;--awb-caption-title-font-family:var(--h2_typography-font-family);--awb-caption-title-font-weight:var(--h2_typography-font-weight);--awb-caption-title-font-style:var(--h2_typography-font-style);--awb-caption-title-size:var(--h2_typography-font-size);--awb-caption-title-transform:var(--h2_typography-text-transform);--awb-caption-title-line-height:var(--h2_typography-line-height);--awb-caption-title-letter-spacing:var(--h2_typography-letter-spacing);\"><div class=\"awb-image-frame awb-image-frame-2 imageframe-liftup\"><span class=\" fusion-imageframe imageframe-none imageframe-2\" class=\"image-scroll\"><a href=\"https:\/\/kolbl.at\/wp-content\/uploads\/2023\/06\/kfz-beklebung.jpg\" class=\"fusion-lightbox\" data-rel=\"iLightbox[deluxe]\" data-title=\"\u041f\u0435\u0447\u0430\u0442\u044c\" title=\"\u041f\u0435\u0447\u0430\u0442\u044c\"><img decoding=\"async\" width=\"1500\" height=\"900\" src=\"https:\/\/kolbl.at\/wp-content\/uploads\/2023\/06\/kfz-beklebung.jpg\" alt class=\"img-responsive wp-image-2001\" srcset=\"https:\/\/kolbl.at\/wp-content\/uploads\/2023\/06\/kfz-beklebung-200x120.jpg 200w, https:\/\/kolbl.at\/wp-content\/uploads\/2023\/06\/kfz-beklebung-400x240.jpg 400w, https:\/\/kolbl.at\/wp-content\/uploads\/2023\/06\/kfz-beklebung-600x360.jpg 600w, https:\/\/kolbl.at\/wp-content\/uploads\/2023\/06\/kfz-beklebung-800x480.jpg 800w, https:\/\/kolbl.at\/wp-content\/uploads\/2023\/06\/kfz-beklebung-1200x720.jpg 1200w, https:\/\/kolbl.at\/wp-content\/uploads\/2023\/06\/kfz-beklebung.jpg 1500w\" sizes=\"(max-width: 1024px) 100vw, (max-width: 640px) 100vw, 600px\" \/><\/a><\/span><\/div><\/div><\/div><\/div><div class=\"fusion-layout-column fusion_builder_column fusion-builder-column-3 fusion_builder_column_1_1 1_1 fusion-flex-column\" style=\"--awb-bg-position:right bottom;--awb-bg-size:cover;--awb-width-large:100%;--awb-margin-top-large:0px;--awb-spacing-right-large:2.304%;--awb-margin-bottom-large:20px;--awb-spacing-left-large:1.92%;--awb-width-medium:40%;--awb-spacing-right-medium:5.76%;--awb-spacing-left-medium:4.8%;--awb-width-small:100%;--awb-spacing-right-small:1.92%;--awb-spacing-left-small:1.92%;\"><div class=\"fusion-column-wrapper fusion-flex-justify-content-flex-start fusion-content-layout-column\"><div class=\"fusion-separator\" style=\"align-self: flex-start;margin-right:auto;margin-top:0px;margin-bottom:20px;width:100%;max-width:50px;\"><div class=\"fusion-separator-border sep-single sep-solid\" style=\"--awb-height:20px;--awb-amount:20px;--awb-sep-color:#cbaa5c;border-color:#cbaa5c;border-top-width:1px;\"><\/div><\/div><div class=\"fusion-text fusion-text-1\"><div class=\"flex-col gap-1 md:gap-3\">\n<div class=\"flex flex-grow flex-col gap-3 max-w-full\">\n<div class=\"min-h-&#091;20px&#093; flex flex-col items-start gap-3 whitespace-pre-wrap break-words overflow-x-auto\">\n<div class=\"markdown prose w-full break-words dark:prose-invert light\">\n<div class=\"flex flex-grow flex-col gap-3 max-w-full\">\n<div class=\"min-h-&#091;20px&#093; flex flex-col items-start gap-3 whitespace-pre-wrap break-words overflow-x-auto\">\n<div class=\"markdown prose w-full break-words dark:prose-invert light\">\n<div class=\"flex flex-grow flex-col gap-3 max-w-full\">\n<div class=\"min-h-&#091;20px&#093; flex flex-col items-start gap-3 whitespace-pre-wrap break-words overflow-x-auto\">\n<div class=\"markdown prose w-full break-words dark:prose-invert light\">\n<div class=\"flex flex-grow flex-col gap-3 max-w-full\">\n<div class=\"min-h-&#091;20px&#093; flex flex-col items-start gap-3 whitespace-pre-wrap break-words overflow-x-auto\">\n<div class=\"markdown prose w-full break-words dark:prose-invert light\">\n<div class=\"flex flex-grow flex-col gap-3 max-w-full\">\n<div class=\"min-h-&#091;20px&#093; flex flex-col items-start gap-3 whitespace-pre-wrap break-words overflow-x-auto\">\n<div class=\"markdown prose w-full break-words dark:prose-invert light\">\n<p>KFZ, LKW, Fenster, B\u00fcror\u00e4umlichkeiten, M\u00f6belst\u00fccke, Werbetafeln, Leuchtkasten, Banner, Planen, Flugzeuge, Motorr\u00e4der\u2026<\/p>\n<p>Die Beklebung und Beschriftung verschiedenster Oberfl\u00e4chen ist eine weit verbreitete Praxis im Bereich des Grafikdesigns, der Werbung und des Marketings. Dieser Prozess beinhaltet das Hinzuf\u00fcgen von Grafiken, Texten oder Logos auf verschiedenen Oberfl\u00e4chen, um Informationen zu vermitteln, Marken zu f\u00f6rdern oder \u00e4sthetische Verbesserungen vorzunehmen. Hier ist eine Beschreibung, wie dieser Prozess typischerweise abl\u00e4uft:<\/p>\n<ol>\n<li><strong>Vorbereitung<\/strong>: Bevor mit der Beklebung und Beschriftung begonnen wird, ist eine gr\u00fcndliche Planung erforderlich. Dies beinhaltet die Auswahl der Designelemente, die Positionierung auf der Oberfl\u00e4che und die Wahl der geeigneten Materialien, wie Aufkleber, Vinyl oder Folien.<\/li>\n<li><strong>Design und Erstellung<\/strong>: Das Design der Grafiken, Texte und Logos wird am Computer erstellt. Hier k\u00f6nnen Grafikdesign-Softwareprogramme wie Adobe Illustrator oder CorelDRAW zum Einsatz kommen. Die Farben, Schriftarten und das Gesamtdesign werden in diesem Schritt festgelegt.<\/li>\n<li><strong>Materialauswahl<\/strong>: Abh\u00e4ngig von der Art der Oberfl\u00e4che und der gew\u00fcnschten Haltbarkeit werden Materialien ausgew\u00e4hlt. F\u00fcr die Beklebung von Fahrzeugen und anderen stark beanspruchten Oberfl\u00e4chen werden oft hochwertige Vinylfolien verwendet, die UV-best\u00e4ndig und witterungsbest\u00e4ndig sind. M\u00f6bel oder Tafeln erfordern m\u00f6glicherweise unterschiedliche Materialien.<\/li>\n<li><strong>Druck<\/strong>: Das vorbereitete Design wird auf die ausgew\u00e4hlten Materialien gedruckt. Dies kann mit speziellen Gro\u00dfformatdruckern und Schneideplottern durchgef\u00fchrt werden, um die gew\u00fcnschten Formen und Gr\u00f6\u00dfen zu erhalten.<\/li>\n<li><strong>Zuschneiden<\/strong>: Die gedruckten Materialien werden in die gew\u00fcnschten Formen und Gr\u00f6\u00dfen zugeschnitten, um sie an die jeweiligen Oberfl\u00e4chen anzupassen.<\/li>\n<li><strong>Vorbereitung der Oberfl\u00e4che<\/strong>: Bevor die Beklebung aufgebracht wird, muss die Oberfl\u00e4che gr\u00fcndlich gereinigt und gegebenenfalls vorbereitet werden, um sicherzustellen, dass die Aufkleber gut haften und lange halten.<\/li>\n<li><strong>Anbringung<\/strong>: Die vorbereiteten Aufkleber oder Grafiken werden vorsichtig auf die Oberfl\u00e4che aufgebracht. Dabei ist es wichtig, Blasen, Falten oder Verzerrungen zu vermeiden. Spezielle Anwendungswerkzeuge wie Rakel k\u00f6nnen dabei helfen.<\/li>\n<li><strong>Beschriftung und Ausrichtung<\/strong>: Wenn Texte oder Beschriftungen aufgebracht werden, ist die genaue Ausrichtung wichtig, um ein professionelles Erscheinungsbild zu gew\u00e4hrleisten. Dies erfordert pr\u00e4zises Arbeiten.<\/li>\n<li><strong>Laminierung (optional)<\/strong>: Je nach Anforderungen kann eine zus\u00e4tzliche Laminierungsschicht aufgetragen werden, um die Grafiken vor Kratzern und UV-Strahlung zu sch\u00fctzen.<\/li>\n<li><strong>Qualit\u00e4tskontrolle<\/strong>: Nach dem Anbringen wird eine sorgf\u00e4ltige Qualit\u00e4tskontrolle durchgef\u00fchrt, um sicherzustellen, dass die Beklebung oder Beschriftung fehlerfrei ist und den Anforderungen entspricht.<\/li>\n<\/ol>\n<p>Die Beklebung und Beschriftung ist eine effektive Methode, um Informationen zu kommunizieren, Marken zu f\u00f6rdern und \u00e4sthetische Verbesserungen vorzunehmen. Es ist wichtig, professionelle Dienstleister oder qualifizierte Fachleute zu engagieren, um sicherzustellen, dass der Prozess ordnungsgem\u00e4\u00df und qualitativ hochwertig durchgef\u00fchrt wird.<\/p>\n<\/div>\n<p>Sie haben Fragen? <a href=\"mailto:medienhaus@kolbl.at\">Klicken Sie hier!<\/a><\/p>\n<\/div>\n<\/div>\n<\/div>\n<\/div>\n<\/div>\n<\/div>\n<\/div>\n<\/div>\n<\/div>\n<\/div>\n<\/div>\n<\/div>\n<\/div>\n<\/div>\n<\/div>\n<\/div><\/div><\/div><div class=\"fusion-layout-column fusion_builder_column fusion-builder-column-4 fusion_builder_column_1_1 1_1 fusion-flex-column\" style=\"--awb-bg-position:right bottom;--awb-bg-size:cover;--awb-width-large:100%;--awb-margin-top-large:0px;--awb-spacing-right-large:2.304%;--awb-margin-bottom-large:20px;--awb-spacing-left-large:1.92%;--awb-width-medium:40%;--awb-spacing-right-medium:5.76%;--awb-spacing-left-medium:4.8%;--awb-width-small:100%;--awb-spacing-right-small:1.92%;--awb-spacing-left-small:1.92%;\"><div class=\"fusion-column-wrapper fusion-flex-justify-content-flex-start fusion-content-layout-column\"><div class=\"fusion-separator\" style=\"align-self: flex-start;margin-right:auto;margin-top:0px;margin-bottom:20px;width:100%;max-width:50px;\"><div class=\"fusion-separator-border sep-single sep-solid\" style=\"--awb-height:20px;--awb-amount:20px;--awb-sep-color:#cbaa5c;border-color:#cbaa5c;border-top-width:1px;\"><\/div><\/div><\/div><\/div><\/div><\/div>\n","protected":false},"excerpt":{"rendered":"","protected":false},"author":1,"featured_media":0,"parent":1934,"menu_order":25,"comment_status":"open","ping_status":"closed","template":"100-width.php","meta":{"footnotes":""},"class_list":["post-2098","page","type-page","status-publish","hentry"],"_links":{"self":[{"href":"https:\/\/kolbl.at\/index.php\/wp-json\/wp\/v2\/pages\/2098","targetHints":{"allow":["GET"]}}],"collection":[{"href":"https:\/\/kolbl.at\/index.php\/wp-json\/wp\/v2\/pages"}],"about":[{"href":"https:\/\/kolbl.at\/index.php\/wp-json\/wp\/v2\/types\/page"}],"author":[{"embeddable":true,"href":"https:\/\/kolbl.at\/index.php\/wp-json\/wp\/v2\/users\/1"}],"replies":[{"embeddable":true,"href":"https:\/\/kolbl.at\/index.php\/wp-json\/wp\/v2\/comments?post=2098"}],"version-history":[{"count":4,"href":"https:\/\/kolbl.at\/index.php\/wp-json\/wp\/v2\/pages\/2098\/revisions"}],"predecessor-version":[{"id":2203,"href":"https:\/\/kolbl.at\/index.php\/wp-json\/wp\/v2\/pages\/2098\/revisions\/2203"}],"up":[{"embeddable":true,"href":"https:\/\/kolbl.at\/index.php\/wp-json\/wp\/v2\/pages\/1934"}],"wp:attachment":[{"href":"https:\/\/kolbl.at\/index.php\/wp-json\/wp\/v2\/media?parent=2098"}],"curies":[{"name":"wp","href":"https:\/\/api.w.org\/{rel}","templated":true}]}}