{"id":2087,"date":"2023-10-19T10:05:18","date_gmt":"2023-10-19T10:05:18","guid":{"rendered":"https:\/\/kolbl.at\/?page_id=2087"},"modified":"2024-04-22T10:46:19","modified_gmt":"2024-04-22T10:46:19","slug":"textildruck-beschreibung","status":"publish","type":"page","link":"https:\/\/kolbl.at\/index.php\/leistungen\/textildruck-beschreibung\/","title":{"rendered":"Textildruck"},"content":{"rendered":"<div class=\"fusion-fullwidth fullwidth-box fusion-builder-row-1 fusion-flex-container nonhundred-percent-fullwidth non-hundred-percent-height-scrolling\" style=\"--awb-background-position:left top;--awb-border-sizes-top:0px;--awb-border-sizes-bottom:0px;--awb-border-sizes-left:0px;--awb-border-sizes-right:0px;--awb-border-radius-top-left:0px;--awb-border-radius-top-right:0px;--awb-border-radius-bottom-right:0px;--awb-border-radius-bottom-left:0px;--awb-padding-top:0px;--awb-padding-bottom:95px;--awb-padding-bottom-medium:60px;--awb-padding-bottom-small:72px;\" ><div class=\"fusion-builder-row fusion-row fusion-flex-align-items-flex-start\" style=\"max-width:1216.8px;margin-left: calc(-4% \/ 2 );margin-right: calc(-4% \/ 2 );\"><div class=\"fusion-layout-column fusion_builder_column fusion-builder-column-0 fusion_builder_column_1_1 1_1 fusion-flex-column\" style=\"--awb-bg-position:right bottom;--awb-bg-size:cover;--awb-width-large:100%;--awb-margin-top-large:0px;--awb-spacing-right-large:2.304%;--awb-margin-bottom-large:20px;--awb-spacing-left-large:1.92%;--awb-width-medium:40%;--awb-spacing-right-medium:5.76%;--awb-spacing-left-medium:4.8%;--awb-width-small:100%;--awb-spacing-right-small:1.92%;--awb-spacing-left-small:1.92%;\"><div class=\"fusion-column-wrapper fusion-flex-justify-content-flex-start fusion-content-layout-column\"><div class=\"fusion-title title fusion-title-1 fusion-title-text fusion-title-size-three\" style=\"--awb-font-size:46px;\"><div class=\"title-sep-container title-sep-container-left fusion-no-large-visibility fusion-no-medium-visibility fusion-no-small-visibility\"><div class=\"title-sep sep- sep-solid\" style=\"border-color:#e0dede;\"><\/div><\/div><span class=\"awb-title-spacer fusion-no-large-visibility fusion-no-medium-visibility fusion-no-small-visibility\"><\/span><h3 class=\"title-heading-left fusion-responsive-typography-calculated\" style=\"margin:0;font-size:1em;--fontSize:46;line-height:1.67;\">Textildruck<\/h3><span class=\"awb-title-spacer\"><\/span><div class=\"title-sep-container title-sep-container-right\"><div class=\"title-sep sep- sep-solid\" style=\"border-color:#e0dede;\"><\/div><\/div><\/div><div class=\"fusion-separator\" style=\"align-self: flex-start;margin-right:auto;margin-top:0px;margin-bottom:20px;width:100%;max-width:50px;\"><div class=\"fusion-separator-border sep-single sep-solid\" style=\"--awb-height:20px;--awb-amount:20px;--awb-sep-color:#cbaa5c;border-color:#cbaa5c;border-top-width:1px;\"><\/div><\/div><\/div><\/div><div class=\"fusion-layout-column fusion_builder_column fusion-builder-column-1 fusion_builder_column_1_1 1_1 fusion-flex-column fusion-flex-align-self-center\" style=\"--awb-bg-size:cover;--awb-width-large:100%;--awb-margin-top-large:0px;--awb-spacing-right-large:1.92%;--awb-margin-bottom-large:20px;--awb-spacing-left-large:1.92%;--awb-width-medium:33.333333333333%;--awb-order-medium:0;--awb-spacing-right-medium:5.76%;--awb-spacing-left-medium:5.76%;--awb-width-small:100%;--awb-order-small:0;--awb-spacing-right-small:1.92%;--awb-spacing-left-small:1.92%;\" data-motion-effects=\"[{&quot;type&quot;:&quot;&quot;,&quot;scroll_type&quot;:&quot;transition&quot;,&quot;scroll_direction&quot;:&quot;up&quot;,&quot;transition_speed&quot;:&quot;1&quot;,&quot;fade_type&quot;:&quot;in&quot;,&quot;scale_type&quot;:&quot;up&quot;,&quot;initial_scale&quot;:&quot;1&quot;,&quot;max_scale&quot;:&quot;1.5&quot;,&quot;min_scale&quot;:&quot;0.5&quot;,&quot;initial_rotate&quot;:&quot;0&quot;,&quot;end_rotate&quot;:&quot;30&quot;,&quot;initial_blur&quot;:&quot;0&quot;,&quot;end_blur&quot;:&quot;3&quot;,&quot;start_element&quot;:&quot;top&quot;,&quot;start_viewport&quot;:&quot;bottom&quot;,&quot;end_element&quot;:&quot;bottom&quot;,&quot;end_viewport&quot;:&quot;top&quot;,&quot;mouse_effect&quot;:&quot;track&quot;,&quot;mouse_effect_direction&quot;:&quot;opposite&quot;,&quot;mouse_effect_speed&quot;:&quot;2&quot;,&quot;infinite_animation&quot;:&quot;float&quot;,&quot;infinite_animation_speed&quot;:&quot;2&quot;}]\" data-scroll-devices=\"small-visibility,medium-visibility,large-visibility\"><div class=\"fusion-column-wrapper fusion-column-has-shadow fusion-flex-justify-content-flex-start fusion-content-layout-column\"><div class=\"fusion-image-element \" style=\"--awb-liftup-border-radius:0px;--awb-caption-title-font-family:var(--h2_typography-font-family);--awb-caption-title-font-weight:var(--h2_typography-font-weight);--awb-caption-title-font-style:var(--h2_typography-font-style);--awb-caption-title-size:var(--h2_typography-font-size);--awb-caption-title-transform:var(--h2_typography-text-transform);--awb-caption-title-line-height:var(--h2_typography-line-height);--awb-caption-title-letter-spacing:var(--h2_typography-letter-spacing);\"><div class=\"awb-image-frame awb-image-frame-1 imageframe-liftup\"><span class=\" fusion-imageframe imageframe-none imageframe-1\" class=\"image-scroll\"><a href=\"https:\/\/kolbl.at\/wp-content\/uploads\/2023\/10\/shirtpresse.jpg\" class=\"fusion-lightbox\" data-rel=\"iLightbox[deluxe]\" data-title=\"shirtpresse\" title=\"shirtpresse\"><img decoding=\"async\" width=\"2381\" height=\"900\" src=\"https:\/\/kolbl.at\/wp-content\/uploads\/2023\/10\/shirtpresse.jpg\" alt class=\"img-responsive wp-image-2090\" srcset=\"https:\/\/kolbl.at\/wp-content\/uploads\/2023\/10\/shirtpresse-200x76.jpg 200w, https:\/\/kolbl.at\/wp-content\/uploads\/2023\/10\/shirtpresse-400x151.jpg 400w, https:\/\/kolbl.at\/wp-content\/uploads\/2023\/10\/shirtpresse-600x227.jpg 600w, https:\/\/kolbl.at\/wp-content\/uploads\/2023\/10\/shirtpresse-800x302.jpg 800w, https:\/\/kolbl.at\/wp-content\/uploads\/2023\/10\/shirtpresse-1200x454.jpg 1200w, https:\/\/kolbl.at\/wp-content\/uploads\/2023\/10\/shirtpresse.jpg 2381w\" sizes=\"(max-width: 1024px) 100vw, (max-width: 640px) 100vw, 1200px\" \/><\/a><\/span><\/div><\/div><\/div><\/div><div class=\"fusion-layout-column fusion_builder_column fusion-builder-column-2 fusion_builder_column_1_1 1_1 fusion-flex-column\" style=\"--awb-bg-position:right bottom;--awb-bg-size:cover;--awb-width-large:100%;--awb-margin-top-large:0px;--awb-spacing-right-large:2.304%;--awb-margin-bottom-large:20px;--awb-spacing-left-large:1.92%;--awb-width-medium:40%;--awb-spacing-right-medium:5.76%;--awb-spacing-left-medium:4.8%;--awb-width-small:100%;--awb-spacing-right-small:1.92%;--awb-spacing-left-small:1.92%;\"><div class=\"fusion-column-wrapper fusion-flex-justify-content-flex-start fusion-content-layout-column\"><div class=\"fusion-separator\" style=\"align-self: flex-start;margin-right:auto;margin-top:0px;margin-bottom:20px;width:100%;max-width:50px;\"><div class=\"fusion-separator-border sep-single sep-solid\" style=\"--awb-height:20px;--awb-amount:20px;--awb-sep-color:#cbaa5c;border-color:#cbaa5c;border-top-width:1px;\"><\/div><\/div><div class=\"fusion-text fusion-text-1\"><div class=\"flex-col gap-1 md:gap-3\">\n<div class=\"flex flex-grow flex-col gap-3 max-w-full\">\n<div class=\"min-h-&#091;20px&#093; flex flex-col items-start gap-3 whitespace-pre-wrap break-words overflow-x-auto\">\n<div class=\"markdown prose w-full break-words dark:prose-invert light\">\n<div class=\"flex flex-grow flex-col gap-3 max-w-full\">\n<div class=\"min-h-&#091;20px&#093; flex flex-col items-start gap-3 whitespace-pre-wrap break-words overflow-x-auto\">\n<div class=\"markdown prose w-full break-words dark:prose-invert light\">\n<div class=\"flex flex-grow flex-col gap-3 max-w-full\">\n<div class=\"min-h-&#091;20px&#093; flex flex-col items-start gap-3 whitespace-pre-wrap break-words overflow-x-auto\">\n<div class=\"markdown prose w-full break-words dark:prose-invert light\">\n<p>Textildruck ist ein Verfahren, bei dem Muster, Designs oder Texte auf Textilien gedruckt werden. Dieses Verfahren wird h\u00e4ufig in der Bekleidungsindustrie, der Werbebranche und der Herstellung von individuellen Textilprodukten wie T-Shirts, Taschen, Kappen und mehr eingesetzt. Es gibt verschiedene Methoden des Textildrucks, darunter:<\/p>\n<ol>\n<li>Siebdruck: Dies ist eine der traditionellsten und h\u00e4ufigsten Methoden des Textildrucks. Dabei wird eine Maske oder ein Sieb verwendet, um Tinte auf das Gewebe zu \u00fcbertragen. Siebdruck eignet sich gut f\u00fcr gro\u00dfe Mengen und bietet lebendige Farben.<\/li>\n<li>Transferdruck: Bei dieser Methode wird das Design auf ein Transferpapier gedruckt und dann auf das Textil \u00fcbertragen, oft mithilfe von Hitze. Es ist eine flexible Methode und eignet sich gut f\u00fcr Kleinserien und mehrfarbige Designs.<\/li>\n<li>Sublimationsdruck: Bei dieser Methode wird die Tinte in Form von Gas in die Textilfasern eingedrungen, was langlebige und waschbest\u00e4ndige Ergebnisse liefert. Sublimationsdruck eignet sich besonders gut f\u00fcr Sportbekleidung und Polyesterstoffe.<\/li>\n<\/ol>\n<p>Textildruck kann auf verschiedenen Textilien wie Baumwolle, Polyester, Leinen, Nylon und anderen Materialien durchgef\u00fchrt werden. Die Wahl der Methode h\u00e4ngt von verschiedenen Faktoren ab, einschlie\u00dflich des gew\u00fcnschten Designs, der Stoffart, der St\u00fcckzahl und des Budgets.<\/p>\n<p>Es ist wichtig, dass der Textildruck sorgf\u00e4ltig durchgef\u00fchrt wird, um hochwertige und langlebige Ergebnisse zu erzielen. Die Wahl der richtigen Tinten, Farben und die genaue Ausrichtung des Drucks auf dem Textil sind entscheidend, um ein zufriedenstellendes Endprodukt zu gew\u00e4hrleisten.<\/p>\n<\/div>\n<p>Sie haben Fragen? <a href=\"mailto:medienhaus@kolbl.at\">Klicken Sie hier!<\/a><\/p>\n<\/div>\n<\/div>\n<\/div>\n<\/div>\n<\/div>\n<\/div>\n<\/div>\n<\/div>\n<\/div>\n<\/div><\/div><\/div><div class=\"fusion-layout-column fusion_builder_column fusion-builder-column-3 fusion_builder_column_1_1 1_1 fusion-flex-column\" style=\"--awb-bg-position:right bottom;--awb-bg-size:cover;--awb-width-large:100%;--awb-margin-top-large:0px;--awb-spacing-right-large:2.304%;--awb-margin-bottom-large:20px;--awb-spacing-left-large:1.92%;--awb-width-medium:40%;--awb-spacing-right-medium:5.76%;--awb-spacing-left-medium:4.8%;--awb-width-small:100%;--awb-spacing-right-small:1.92%;--awb-spacing-left-small:1.92%;\"><div class=\"fusion-column-wrapper fusion-flex-justify-content-flex-start fusion-content-layout-column\"><div class=\"fusion-separator\" style=\"align-self: flex-start;margin-right:auto;margin-top:0px;margin-bottom:20px;width:100%;max-width:50px;\"><div class=\"fusion-separator-border sep-single sep-solid\" style=\"--awb-height:20px;--awb-amount:20px;--awb-sep-color:#cbaa5c;border-color:#cbaa5c;border-top-width:1px;\"><\/div><\/div><\/div><\/div><\/div><\/div>\n","protected":false},"excerpt":{"rendered":"","protected":false},"author":1,"featured_media":0,"parent":1934,"menu_order":22,"comment_status":"open","ping_status":"closed","template":"100-width.php","meta":{"footnotes":""},"class_list":["post-2087","page","type-page","status-publish","hentry"],"_links":{"self":[{"href":"https:\/\/kolbl.at\/index.php\/wp-json\/wp\/v2\/pages\/2087","targetHints":{"allow":["GET"]}}],"collection":[{"href":"https:\/\/kolbl.at\/index.php\/wp-json\/wp\/v2\/pages"}],"about":[{"href":"https:\/\/kolbl.at\/index.php\/wp-json\/wp\/v2\/types\/page"}],"author":[{"embeddable":true,"href":"https:\/\/kolbl.at\/index.php\/wp-json\/wp\/v2\/users\/1"}],"replies":[{"embeddable":true,"href":"https:\/\/kolbl.at\/index.php\/wp-json\/wp\/v2\/comments?post=2087"}],"version-history":[{"count":7,"href":"https:\/\/kolbl.at\/index.php\/wp-json\/wp\/v2\/pages\/2087\/revisions"}],"predecessor-version":[{"id":2200,"href":"https:\/\/kolbl.at\/index.php\/wp-json\/wp\/v2\/pages\/2087\/revisions\/2200"}],"up":[{"embeddable":true,"href":"https:\/\/kolbl.at\/index.php\/wp-json\/wp\/v2\/pages\/1934"}],"wp:attachment":[{"href":"https:\/\/kolbl.at\/index.php\/wp-json\/wp\/v2\/media?parent=2087"}],"curies":[{"name":"wp","href":"https:\/\/api.w.org\/{rel}","templated":true}]}}