{"id":1936,"date":"2023-05-12T07:18:56","date_gmt":"2023-05-12T07:18:56","guid":{"rendered":"https:\/\/kolbl.at\/?page_id=1936"},"modified":"2023-06-23T08:57:10","modified_gmt":"2023-06-23T08:57:10","slug":"zertifikate","status":"publish","type":"page","link":"https:\/\/kolbl.at\/index.php\/zertifikate\/","title":{"rendered":"Zertifikate"},"content":{"rendered":"<div class=\"fusion-fullwidth fullwidth-box fusion-builder-row-1 fusion-flex-container nonhundred-percent-fullwidth non-hundred-percent-height-scrolling\" style=\"--awb-background-position:left top;--awb-border-sizes-top:0px;--awb-border-sizes-bottom:0px;--awb-border-sizes-left:0px;--awb-border-sizes-right:0px;--awb-border-radius-top-left:0px;--awb-border-radius-top-right:0px;--awb-border-radius-bottom-right:0px;--awb-border-radius-bottom-left:0px;--awb-padding-top:0px;--awb-padding-bottom:95px;--awb-padding-bottom-medium:60px;--awb-padding-bottom-small:72px;\" ><div class=\"fusion-builder-row fusion-row fusion-flex-align-items-flex-start\" style=\"max-width:1216.8px;margin-left: calc(-4% \/ 2 );margin-right: calc(-4% \/ 2 );\"><div class=\"fusion-layout-column fusion_builder_column fusion-builder-column-0 fusion_builder_column_1_1 1_1 fusion-flex-column\" style=\"--awb-bg-position:right bottom;--awb-bg-size:cover;--awb-width-large:100%;--awb-margin-top-large:0px;--awb-spacing-right-large:2.304%;--awb-margin-bottom-large:20px;--awb-spacing-left-large:1.92%;--awb-width-medium:40%;--awb-spacing-right-medium:5.76%;--awb-spacing-left-medium:4.8%;--awb-width-small:100%;--awb-spacing-right-small:1.92%;--awb-spacing-left-small:1.92%;\"><div class=\"fusion-column-wrapper fusion-flex-justify-content-flex-start fusion-content-layout-column\"><div class=\"fusion-title title fusion-title-1 fusion-title-text fusion-title-size-three\" style=\"--awb-font-size:46px;\"><div class=\"title-sep-container title-sep-container-left fusion-no-large-visibility fusion-no-medium-visibility fusion-no-small-visibility\"><div class=\"title-sep sep- sep-solid\" style=\"border-color:#e0dede;\"><\/div><\/div><span class=\"awb-title-spacer fusion-no-large-visibility fusion-no-medium-visibility fusion-no-small-visibility\"><\/span><h3 class=\"title-heading-left fusion-responsive-typography-calculated\" style=\"margin:0;font-size:1em;--fontSize:46;line-height:1.67;\">Unsere Zertifikate<\/h3><span class=\"awb-title-spacer\"><\/span><div class=\"title-sep-container title-sep-container-right\"><div class=\"title-sep sep- sep-solid\" style=\"border-color:#e0dede;\"><\/div><\/div><\/div><div class=\"fusion-separator\" style=\"align-self: flex-start;margin-right:auto;margin-top:0px;margin-bottom:20px;width:100%;max-width:50px;\"><div class=\"fusion-separator-border sep-single sep-solid\" style=\"--awb-height:20px;--awb-amount:20px;--awb-sep-color:#cbaa5c;border-color:#cbaa5c;border-top-width:1px;\"><\/div><\/div><div class=\"fusion-text fusion-text-1\"><p>Wir sind ein zertifizierter MacGlide \u2013 Folierer, was bedeutet, dass wir den Rumpf Ihres Bootes mit McGlide Folien verkleben d\u00fcrfen.<\/p>\n<p>Wir alle wollen unsere Boote vor Fouling sch\u00fctzen, aber wir wissen auch, dass die Antifouling-Anstriche, die wir verwenden, schlecht f\u00fcr unsere Meeresbewohner sind. Jahr f\u00fcr Jahr gelangen so tonnenweise Antifouling-Farben in unsere Ozeane und t\u00f6ten Meeresbewohner.<\/p>\n<p>MacGlide bietet eine umweltfreundliche L\u00f6sung an. Es sch\u00fctzt Ihren Bootsrumpf wirkungsvoll, erodiert nicht und enth\u00e4lt keine Biozide. Auch verbessert sich dabei die Gleiteigenschaft Ihres Schiffes, was zus\u00e4tzlich einen Kraftstoffverbrauch senkt.<\/p>\n<p>Geeignet f\u00fcr alle Bootstypen bis 40 m.<\/p>\n<p>Erh\u00f6hte Geschwindigkeit f\u00fcr Segler, je nach Rumpfdesign erh\u00f6hen Sie diese bis zu 5%.<\/p>\n<p>Gelcoat-Schutz \u2013 die Folie ist wasserundurchl\u00e4ssig, reduziert Osmose und sorgt f\u00fcr einen geringen Feuchtigkeitsgehalt Ihres Rumpfes.<\/p>\n<p>Selbstreinigend \u2013 die Folie reinigt sich, wenn das Schiff mit einer Geschwindigkeit von 7 bis 8 Knoten unterwegs ist.<\/p>\n<p>Eventuelle Verschmutzungen lassen sich einfach mit einem Schwamm von der Folie entfernen.<\/p>\n<p>Hohe Haltbarkeit von 5 Jahren im Gegensatz zu toxischen Antifouling-Beschichtungen (Haltbarkeit nur 8 Monate).<\/p>\n<\/div><\/div><\/div><div class=\"fusion-layout-column fusion_builder_column fusion-builder-column-1 fusion_builder_column_1_1 1_1 fusion-flex-column fusion-flex-align-self-flex-start fusion-column-no-min-height\" style=\"--awb-bg-size:cover;--awb-width-large:100%;--awb-margin-top-large:0px;--awb-spacing-right-large:1.92%;--awb-margin-bottom-large:0px;--awb-spacing-left-large:1.92%;--awb-width-medium:100%;--awb-spacing-right-medium:1.92%;--awb-spacing-left-medium:1.92%;--awb-width-small:100%;--awb-spacing-right-small:1.92%;--awb-spacing-left-small:1.92%;\"><div class=\"fusion-column-wrapper fusion-flex-justify-content-flex-start fusion-content-layout-column\"><div class=\"fusion-separator fusion-full-width-sep\" style=\"align-self: center;margin-left: auto;margin-right: auto;margin-top:13px;margin-bottom:13px;width:100%;\"><\/div><\/div><\/div><div class=\"fusion-layout-column fusion_builder_column fusion-builder-column-2 fusion_builder_column_1_1 1_1 fusion-flex-column\" style=\"--awb-bg-size:cover;--awb-width-large:100%;--awb-margin-top-large:0px;--awb-spacing-right-large:1.92%;--awb-margin-bottom-large:20px;--awb-spacing-left-large:1.92%;--awb-width-medium:33.333333333333%;--awb-spacing-right-medium:5.76%;--awb-spacing-left-medium:5.76%;--awb-width-small:100%;--awb-spacing-right-small:1.92%;--awb-spacing-left-small:1.92%;\"><div class=\"fusion-column-wrapper fusion-flex-justify-content-flex-start fusion-content-layout-column\"><div class=\"fusion-image-element \" style=\"--awb-liftup-border-radius:0px;--awb-caption-title-font-family:var(--h2_typography-font-family);--awb-caption-title-font-weight:var(--h2_typography-font-weight);--awb-caption-title-font-style:var(--h2_typography-font-style);--awb-caption-title-size:var(--h2_typography-font-size);--awb-caption-title-transform:var(--h2_typography-text-transform);--awb-caption-title-line-height:var(--h2_typography-line-height);--awb-caption-title-letter-spacing:var(--h2_typography-letter-spacing);\"><div class=\"awb-image-frame awb-image-frame-1 imageframe-liftup\"><span class=\" fusion-imageframe imageframe-none imageframe-1\" class=\"image-scroll\"><a href=\"https:\/\/kolbl.at\/wp-content\/uploads\/2023\/06\/boote-800x480.jpg\" class=\"fusion-lightbox\" data-rel=\"iLightbox[deluxe]\" data-caption=\"Motor boats for excursions and snorkeling.Tropical beach in Maldives. Travel and tourism to luxury resorts in the Maldives islands. Summer holiday concept\" data-title=\"Motor,Boats,For,Excursions,And,Snorkeling.tropical,Beach,In,Maldives.,Travel\" title=\"Motor,Boats,For,Excursions,And,Snorkeling.tropical,Beach,In,Maldives.,Travel\"><img decoding=\"async\" width=\"800\" height=\"480\" src=\"https:\/\/kolbl.at\/wp-content\/uploads\/2023\/06\/boote-800x480.jpg\" alt class=\"img-responsive wp-image-1996\" srcset=\"https:\/\/kolbl.at\/wp-content\/uploads\/2023\/06\/boote-200x120.jpg 200w, https:\/\/kolbl.at\/wp-content\/uploads\/2023\/06\/boote-400x240.jpg 400w, https:\/\/kolbl.at\/wp-content\/uploads\/2023\/06\/boote-600x360.jpg 600w, https:\/\/kolbl.at\/wp-content\/uploads\/2023\/06\/boote-800x480.jpg 800w, https:\/\/kolbl.at\/wp-content\/uploads\/2023\/06\/boote-1200x720.jpg 1200w, https:\/\/kolbl.at\/wp-content\/uploads\/2023\/06\/boote.jpg 1500w\" sizes=\"(max-width: 1024px) 100vw, (max-width: 640px) 100vw, 1200px\" \/><\/a><\/span><\/div><\/div><\/div><\/div><\/div><\/div>\n","protected":false},"excerpt":{"rendered":"","protected":false},"author":1,"featured_media":0,"parent":0,"menu_order":4,"comment_status":"open","ping_status":"closed","template":"100-width.php","meta":{"footnotes":""},"class_list":["post-1936","page","type-page","status-publish","hentry"],"_links":{"self":[{"href":"https:\/\/kolbl.at\/index.php\/wp-json\/wp\/v2\/pages\/1936","targetHints":{"allow":["GET"]}}],"collection":[{"href":"https:\/\/kolbl.at\/index.php\/wp-json\/wp\/v2\/pages"}],"about":[{"href":"https:\/\/kolbl.at\/index.php\/wp-json\/wp\/v2\/types\/page"}],"author":[{"embeddable":true,"href":"https:\/\/kolbl.at\/index.php\/wp-json\/wp\/v2\/users\/1"}],"replies":[{"embeddable":true,"href":"https:\/\/kolbl.at\/index.php\/wp-json\/wp\/v2\/comments?post=1936"}],"version-history":[{"count":7,"href":"https:\/\/kolbl.at\/index.php\/wp-json\/wp\/v2\/pages\/1936\/revisions"}],"predecessor-version":[{"id":2013,"href":"https:\/\/kolbl.at\/index.php\/wp-json\/wp\/v2\/pages\/1936\/revisions\/2013"}],"wp:attachment":[{"href":"https:\/\/kolbl.at\/index.php\/wp-json\/wp\/v2\/media?parent=1936"}],"curies":[{"name":"wp","href":"https:\/\/api.w.org\/{rel}","templated":true}]}}